{"id":8489,"date":"2021-03-20T21:04:22","date_gmt":"2021-03-20T20:04:22","guid":{"rendered":"https:\/\/www.negevdesert.ch\/product\/chag-sameach-kiddushweine-suss-mini\/"},"modified":"2026-03-31T16:02:25","modified_gmt":"2026-03-31T14:02:25","slug":"chag-sameach-kiddushweine-suss-mini","status":"publish","type":"product","link":"https:\/\/negevdesert.ch\/de\/produkt\/chag-sameach-kiddushweine-suss-mini\/","title":{"rendered":"Jerusalem HOLYLAND &#8211; Kiddushweine s\u00fcss"},"content":{"rendered":"<h3 class=\"uppercase\"><span class=\"fancy-underline\" style=\"color: #f99b1c;\"><strong>Jerusalem wineries<\/strong><\/span><\/h3>\n<p class=\"uppercase\"><span style=\"color: #00aae7;\"><strong><span style=\"font-size: 120%;\"><em>holyland &#8211; Kiddushweine s\u00fcss MINI<\/em><\/span><\/strong><\/span><\/p>\n<p><strong>Ann\u00e9e<\/strong> : 2024<\/p>\n<p><strong>Alcool<\/strong>: 12%<\/p>\n<p><strong>Volume<\/strong> : 187ml<\/p>\n<p><span style=\"color: #282828;\"><a class=\"mw-redirect\" style=\"color: #282828;\" title=\"Jewish holiday\" href=\"https:\/\/en.wikipedia.org\/wiki\/Jewish_holiday\" rel=\"nofollow noopener\" target=\"_blank\">Le vin traditionnel du Kiddouch est un vin sacramentel incontournable. Le mot &#8222;Kiddouch&#8220; signifie &#8222;sanctification&#8220; en h\u00e9breu et est une b\u00e9n\u00e9diction r\u00e9cit\u00e9e sur du vin ou du jus de raisin pour sanctifier le Shabbat et les f\u00eates juives.<\/a><\/span><\/p>\n<p>Koscher le\u2019Pessah<\/p>\n<p dir=\"ltr\"><span style=\"color: #000000;\"><strong>PRODUIT EN <a style=\"color: #000000;\" href=\"https:\/\/fr.wikipedia.org\/wiki\/Isra\u00ebl\" rel=\"nofollow noopener\" target=\"_blank\">ISRA\u00cbL<\/a><em> \u2013 JERUSALEM<\/em><\/strong><\/span><\/p>\n<h5 class=\"alt-font\" style=\"text-align: center;\"><em><strong>Negev Desert<\/strong> \u2013 Vins et Epicerie fine cacher\/casher d&#8217;Isra\u00ebl\u00a0<\/em><br \/>\n<em><strong>Suisse<\/strong> \u2013 Gen\u00e8ve \u2013 Z\u00fcrich \u2013 B\u00e2le<\/em><\/h5>\n<div style='text-align:left' class='yasr-auto-insert-overall'><\/div><div style='text-align:left' class='yasr-auto-insert-visitor'><!--Yasr Visitor Votes Shortcode--><div id='yasr_visitor_votes_ac7e19f95a164' class='yasr-visitor-votes'><div class=\"yasr-custom-text-vv-before yasr-custom-text-vv-before-8489\">Click to rate this post!<\/div><div id='yasr-vv-second-row-container-ac7e19f95a164'\r\n                                        class='yasr-vv-second-row-container'><div id='yasr-visitor-votes-rater-ac7e19f95a164'\r\n                                      class='yasr-rater-stars-vv'\r\n                                      data-rater-postid='8489'\r\n                                      data-rating='0'\r\n                                      data-rater-starsize='24'\r\n                                      data-rater-readonly='false'\r\n                                      data-rater-nonce='2217b64c0f'\r\n                                      data-issingular='false'\r\n                                    ><\/div><div class=\"yasr-vv-stats-text-container\" id=\"yasr-vv-stats-text-container-ac7e19f95a164\"><svg xmlns=\"https:\/\/www.w3.org\/2000\/svg\" width=\"20\" height=\"20\"\r\n                                   class=\"yasr-dashicons-visitor-stats\"\r\n                                   data-postid=\"8489\"\r\n                                   id=\"yasr-stats-dashicon-ac7e19f95a164\">\r\n                                   <path d=\"M18 18v-16h-4v16h4zM12 18v-11h-4v11h4zM6 18v-8h-4v8h4z\"><\/path>\r\n                               <\/svg><span id=\"yasr-vv-text-container-ac7e19f95a164\" class=\"yasr-vv-text-container\">[Total: <span id=\"yasr-vv-votes-number-container-ac7e19f95a164\">0<\/span>  Average: <span id=\"yasr-vv-average-container-ac7e19f95a164\">0<\/span>]<\/span><\/div><div id='yasr-vv-loader-ac7e19f95a164' class='yasr-vv-container-loader'><\/div><\/div><div id='yasr-vv-bottom-container-ac7e19f95a164' class='yasr-vv-bottom-container'><\/div><\/div><!--End Yasr Visitor Votes Shortcode--><\/div>","protected":false},"excerpt":{"rendered":"<h4><strong>Jerusalem Wineries Kiddushweine s\u00fcss<\/strong><\/h4>\n<h4><strong>187ml<\/strong><\/h4>\n<p>&nbsp;<\/p>\n","protected":false},"featured_media":9849,"comment_status":"open","ping_status":"closed","template":"","meta":{"yasr_overall_rating":0,"yasr_post_is_review":"","yasr_auto_insert_disabled":"","yasr_review_type":""},"product_brand":[92],"product_cat":[53,67],"product_tag":[146,147,148,291,149],"class_list":{"0":"post-8489","1":"product","2":"type-product","3":"status-publish","4":"has-post-thumbnail","6":"product_brand-negev-desert-israeli-kosher-boutique-wine-geneva-switzerland-de","7":"product_cat-andere-produkte","8":"product_cat-rot","9":"product_tag-kiddushweine-suss","10":"product_tag-koscher-pessach","11":"product_tag-suss-wein","12":"product_tag-wein-aus-israel","13":"product_tag-weine-aus-israel","15":"first","16":"instock","17":"shipping-taxable","18":"purchasable","19":"product-type-simple"},"acf":[],"yasr_visitor_votes":{"stars_attributes":{"read_only":false,"span_bottom":false},"number_of_votes":0,"sum_votes":0},"_links":{"self":[{"href":"https:\/\/negevdesert.ch\/de\/wp-json\/wp\/v2\/product\/8489","targetHints":{"allow":["GET"]}}],"collection":[{"href":"https:\/\/negevdesert.ch\/de\/wp-json\/wp\/v2\/product"}],"about":[{"href":"https:\/\/negevdesert.ch\/de\/wp-json\/wp\/v2\/types\/product"}],"replies":[{"embeddable":true,"href":"https:\/\/negevdesert.ch\/de\/wp-json\/wp\/v2\/comments?post=8489"}],"wp:featuredmedia":[{"embeddable":true,"href":"https:\/\/negevdesert.ch\/de\/wp-json\/wp\/v2\/media\/9849"}],"wp:attachment":[{"href":"https:\/\/negevdesert.ch\/de\/wp-json\/wp\/v2\/media?parent=8489"}],"wp:term":[{"taxonomy":"product_brand","embeddable":true,"href":"https:\/\/negevdesert.ch\/de\/wp-json\/wp\/v2\/product_brand?post=8489"},{"taxonomy":"product_cat","embeddable":true,"href":"https:\/\/negevdesert.ch\/de\/wp-json\/wp\/v2\/product_cat?post=8489"},{"taxonomy":"product_tag","embeddable":true,"href":"https:\/\/negevdesert.ch\/de\/wp-json\/wp\/v2\/product_tag?post=8489"}],"curies":[{"name":"wp","href":"https:\/\/api.w.org\/{rel}","templated":true}]}}