{"id":843,"date":"2018-07-19T23:56:51","date_gmt":"2018-07-19T20:56:51","guid":{"rendered":"http:\/\/negevdesert.ch\/product\/shawarma-mix-150gr\/"},"modified":"2025-09-25T20:54:56","modified_gmt":"2025-09-25T18:54:56","slug":"shawarma-mix-150gr","status":"publish","type":"product","link":"https:\/\/negevdesert.ch\/de\/produkt\/shawarma-mix-150gr\/","title":{"rendered":"Shawarma Mix &#8211; 150gr"},"content":{"rendered":"<p>VEGAN<\/p>\n<p>Ohne Zuckerzusatz<\/p>\n<p>HERGESTELLT IN ISRAEL &#8211; Moshav Magen Shaul<\/p>\n<p>Koscher<\/p>\n<p>150g<\/p>\n<p>Israelische <strong>Schawarma<\/strong>-Gew\u00fcrzmischungen sind von nah\u00f6stlichen Aromen beeinflusst und kombinieren warme, erdige und leicht rauchige Noten. W\u00e4hrend die Rezepte variieren k\u00f6nnen, enth\u00e4lt eine typische israelische Schawarma-Gew\u00fcrzmischung:<\/p>\n<p><strong>Gemeinsame Zutaten:<\/strong><\/p>\n<p><strong>Kreuzk\u00fcmmel<\/strong> &#8211; erdig, warm und leicht bitter<\/p>\n<p><strong>Kurkuma<\/strong> &#8211; verleiht dem Gericht Farbe und eine leichte Bitterkeit<\/p>\n<p><strong>Paprika (s\u00fc\u00df oder ger\u00e4uchert)<\/strong> &#8211; f\u00fcr Tiefe und leichte S\u00fc\u00dfe<\/p>\n<p><strong>Koriander<\/strong> &#8211; Zitrusfruchtig und leicht nussig<\/p>\n<p><strong>Knoblauchpulver<\/strong> &#8211; pikant und aromatisch<\/p>\n<p><strong>Zwiebelpulver<\/strong> &#8211; Verst\u00e4rkt den Umami-Geschmack<\/p>\n<p><strong>Schwarzer Pfeffer<\/strong> &#8211; f\u00fcgt milde Sch\u00e4rfe hinzu<\/p>\n<p><strong>Piment<\/strong> &#8211; Warm und leicht s\u00fc\u00dflich<\/p>\n<p><strong>Zimt<\/strong> &#8211; Ein Hauch von W\u00e4rme und Komplexit\u00e4t<\/p>\n<p><strong>Kardamom<\/strong> &#8211; blumig und leicht w\u00fcrzig<\/p>\n<p><strong>Muskatnuss<\/strong> &#8211; Subtile Tiefe<\/p>\n<p><strong>Salz<\/strong> &#8211; Verst\u00e4rkt alle Geschmacksrichtungen<\/p>\n<p><strong>Optionale Zutaten:<\/strong><\/p>\n<p><strong>Bockshornklee<\/strong> &#8211; f\u00fcr einen tieferen, leicht ahornartigen Geschmack<\/p>\n<p>Sumach &#8211; verleiht einen w\u00fcrzigen Geschmack<\/p>\n<p><strong>Cayennepfeffer<\/strong> &#8211; f\u00fcr zus\u00e4tzliche Sch\u00e4rfe<\/p>\n<p><strong>Wie es verwendet wird:<\/strong><\/p>\n<p>Diese Mischung wird \u00fcblicherweise auf d\u00fcnn geschnittenes Lamm-, H\u00fchner-, Truthahn- oder Rindfleisch gerieben, bevor es gegrillt oder auf einem vertikalen Spie\u00df gebraten wird. Das Fleisch wird dann gehobelt und in Laffa\u00a0 (Fladenbrot) oder Pita serviert, oft zusammen mit Tahini, Amba (eingelegte Mangosauce) und israelischem Salat.<\/p>\n<div style='text-align:left' class='yasr-auto-insert-overall'><\/div><div style='text-align:left' class='yasr-auto-insert-visitor'><!--Yasr Visitor Votes Shortcode--><div id='yasr_visitor_votes_28f605d29523e' class='yasr-visitor-votes'><div class=\"yasr-custom-text-vv-before yasr-custom-text-vv-before-843\">Click to rate this post!<\/div><div id='yasr-vv-second-row-container-28f605d29523e'\r\n                                        class='yasr-vv-second-row-container'><div id='yasr-visitor-votes-rater-28f605d29523e'\r\n                                      class='yasr-rater-stars-vv'\r\n                                      data-rater-postid='843'\r\n                                      data-rating='0'\r\n                                      data-rater-starsize='24'\r\n                                      data-rater-readonly='false'\r\n                                      data-rater-nonce='2217b64c0f'\r\n                                      data-issingular='false'\r\n                                    ><\/div><div class=\"yasr-vv-stats-text-container\" id=\"yasr-vv-stats-text-container-28f605d29523e\"><svg xmlns=\"https:\/\/www.w3.org\/2000\/svg\" width=\"20\" height=\"20\"\r\n                                   class=\"yasr-dashicons-visitor-stats\"\r\n                                   data-postid=\"843\"\r\n                                   id=\"yasr-stats-dashicon-28f605d29523e\">\r\n                                   <path d=\"M18 18v-16h-4v16h4zM12 18v-11h-4v11h4zM6 18v-8h-4v8h4z\"><\/path>\r\n                               <\/svg><span id=\"yasr-vv-text-container-28f605d29523e\" class=\"yasr-vv-text-container\">[Total: <span id=\"yasr-vv-votes-number-container-28f605d29523e\">0<\/span>  Average: <span id=\"yasr-vv-average-container-28f605d29523e\">0<\/span>]<\/span><\/div><div id='yasr-vv-loader-28f605d29523e' class='yasr-vv-container-loader'><\/div><\/div><div id='yasr-vv-bottom-container-28f605d29523e' class='yasr-vv-bottom-container'><\/div><\/div><!--End Yasr Visitor Votes Shortcode--><\/div>","protected":false},"excerpt":{"rendered":"<p>VEGAN Ohne Zuckerzusatz HERGESTELLT IN ISRAEL &#8211; Moshav Magen Shaul Koscher 150g Israelische Schawarma-Gew\u00fcrzmischungen sind von nah\u00f6stlichen Aromen beeinflusst und kombinieren warme, erdige und leicht rauchige Noten. W\u00e4hrend die Rezepte variieren k\u00f6nnen, enth\u00e4lt eine typische israelische Schawarma-Gew\u00fcrzmischung: Gemeinsame Zutaten: Kreuzk\u00fcmmel &#8211; erdig, warm und leicht bitter Kurkuma &#8211; verleiht dem Gericht Farbe und eine leichte [&#8230;]\n","protected":false},"featured_media":4964,"comment_status":"open","ping_status":"closed","template":"","meta":{"yasr_overall_rating":0,"yasr_post_is_review":"","yasr_auto_insert_disabled":"","yasr_review_type":""},"product_brand":[],"product_cat":[57],"product_tag":[],"class_list":{"0":"post-843","1":"product","2":"type-product","3":"status-publish","4":"has-post-thumbnail","6":"product_cat-gewurze","8":"first","9":"instock","10":"shipping-taxable","11":"purchasable","12":"product-type-simple"},"acf":[],"yasr_visitor_votes":{"stars_attributes":{"read_only":false,"span_bottom":false},"number_of_votes":0,"sum_votes":0},"_links":{"self":[{"href":"https:\/\/negevdesert.ch\/de\/wp-json\/wp\/v2\/product\/843","targetHints":{"allow":["GET"]}}],"collection":[{"href":"https:\/\/negevdesert.ch\/de\/wp-json\/wp\/v2\/product"}],"about":[{"href":"https:\/\/negevdesert.ch\/de\/wp-json\/wp\/v2\/types\/product"}],"replies":[{"embeddable":true,"href":"https:\/\/negevdesert.ch\/de\/wp-json\/wp\/v2\/comments?post=843"}],"wp:featuredmedia":[{"embeddable":true,"href":"https:\/\/negevdesert.ch\/de\/wp-json\/wp\/v2\/media\/4964"}],"wp:attachment":[{"href":"https:\/\/negevdesert.ch\/de\/wp-json\/wp\/v2\/media?parent=843"}],"wp:term":[{"taxonomy":"product_brand","embeddable":true,"href":"https:\/\/negevdesert.ch\/de\/wp-json\/wp\/v2\/product_brand?post=843"},{"taxonomy":"product_cat","embeddable":true,"href":"https:\/\/negevdesert.ch\/de\/wp-json\/wp\/v2\/product_cat?post=843"},{"taxonomy":"product_tag","embeddable":true,"href":"https:\/\/negevdesert.ch\/de\/wp-json\/wp\/v2\/product_tag?post=843"}],"curies":[{"name":"wp","href":"https:\/\/api.w.org\/{rel}","templated":true}]}}