{"id":8386,"date":"2021-03-07T14:25:19","date_gmt":"2021-03-07T13:25:19","guid":{"rendered":"https:\/\/www.negevdesert.ch\/product\/aviv-matza-pain-azyme-sans-gluten-cacher-casher-kasher-le-pessah-israel\/"},"modified":"2026-03-19T12:29:08","modified_gmt":"2026-03-19T11:29:08","slug":"glutenfreie-matzos-koscher-fuer-pessach","status":"publish","type":"product","link":"https:\/\/negevdesert.ch\/de\/produkt\/glutenfreie-matzos-koscher-fuer-pessach\/","title":{"rendered":"AVIV- Glutenfreie Matzos"},"content":{"rendered":"<h3 class=\"uppercase\"><span class=\"fancy-underline\" style=\"color: #f99b1c;\"><strong>Matzot AVIV<\/strong><\/span><\/h3>\n<p class=\"uppercase\"><span style=\"color: #00aae7;\"><strong><span style=\"font-size: 120%;\"><em>Glutenfreie Matzos<\/em><\/span><\/strong><\/span><\/p>\n<p>300gr<br \/>\nKosher le&#8217;Pessah<\/p>\n<p>Die glutenfreie Matza wird aus Tapiokast\u00e4rke, Kartoffelst\u00e4rke und Kartoffelmehl hergestellt. Genie\u00dfen Sie sie mit unseren herzhaften MOSHAV-Aufstrichen oder s\u00fc\u00df mit unseren MOSHAV-Konfit\u00fcren ohne Zuckerzusatz.<\/p>\n<p><strong>HERGESTELLT IN ISRA<\/strong>EL &#8211;<strong> BNEI BRAK<\/strong><\/p>\n<h5 class=\"alt-font\" style=\"text-align: center;\"><em><strong>Negev Desert<\/strong> \u2013 Vins et Epicerie fine cacher\/casher d&#8217;Isra\u00ebl\u00a0<\/em><br \/>\n<em><strong>Suisse<\/strong> \u2013 Gen\u00e8ve \u2013 Z\u00fcrich \u2013 B\u00e2le<\/em><\/h5>\n<div style='text-align:left' class='yasr-auto-insert-overall'><\/div><div style='text-align:left' class='yasr-auto-insert-visitor'><!--Yasr Visitor Votes Shortcode--><div id='yasr_visitor_votes_979e1f4f2614e' class='yasr-visitor-votes'><div class=\"yasr-custom-text-vv-before yasr-custom-text-vv-before-8386\">Click to rate this post!<\/div><div id='yasr-vv-second-row-container-979e1f4f2614e'\r\n                                        class='yasr-vv-second-row-container'><div id='yasr-visitor-votes-rater-979e1f4f2614e'\r\n                                      class='yasr-rater-stars-vv'\r\n                                      data-rater-postid='8386'\r\n                                      data-rating='0'\r\n                                      data-rater-starsize='24'\r\n                                      data-rater-readonly='false'\r\n                                      data-rater-nonce='2217b64c0f'\r\n                                      data-issingular='false'\r\n                                    ><\/div><div class=\"yasr-vv-stats-text-container\" id=\"yasr-vv-stats-text-container-979e1f4f2614e\"><svg xmlns=\"https:\/\/www.w3.org\/2000\/svg\" width=\"20\" height=\"20\"\r\n                                   class=\"yasr-dashicons-visitor-stats\"\r\n                                   data-postid=\"8386\"\r\n                                   id=\"yasr-stats-dashicon-979e1f4f2614e\">\r\n                                   <path d=\"M18 18v-16h-4v16h4zM12 18v-11h-4v11h4zM6 18v-8h-4v8h4z\"><\/path>\r\n                               <\/svg><span id=\"yasr-vv-text-container-979e1f4f2614e\" class=\"yasr-vv-text-container\">[Total: <span id=\"yasr-vv-votes-number-container-979e1f4f2614e\">0<\/span>  Average: <span id=\"yasr-vv-average-container-979e1f4f2614e\">0<\/span>]<\/span><\/div><div id='yasr-vv-loader-979e1f4f2614e' class='yasr-vv-container-loader'><\/div><\/div><div id='yasr-vv-bottom-container-979e1f4f2614e' class='yasr-vv-bottom-container'><\/div><\/div><!--End Yasr Visitor Votes Shortcode--><\/div>","protected":false},"excerpt":{"rendered":"<p>Gluten free\u00a0 \u00a0 \u00a0 \u00a0 \u00a0 \u00a0 \u00a0 \u00a0 \u00a0 \u00a0 \u00a0 \u00a0 \u00a0 \u00a0 \u00a0 \u00a0 \u00a0 100% Made in ISRAEL<br \/>\n300gr.<\/p>\n","protected":false},"featured_media":8733,"comment_status":"open","ping_status":"closed","template":"","meta":{"yasr_overall_rating":0,"yasr_post_is_review":"","yasr_auto_insert_disabled":"","yasr_review_type":""},"product_brand":[],"product_cat":[53],"product_tag":[231,172,232,233,173,128,129,234,235,236],"class_list":{"0":"post-8386","1":"product","2":"type-product","3":"status-publish","4":"has-post-thumbnail","6":"product_cat-andere-produkte","7":"product_tag-cacher-lepessah-de","8":"product_tag-gluten-free-de","9":"product_tag-gluten-free-matza-fr-de","10":"product_tag-gluten-free-matza-suisse-de","11":"product_tag-glutenfrei-de","12":"product_tag-koscher-fur-pessach-de","13":"product_tag-kosher-for-passover-matsa-de","14":"product_tag-magasin-casher-en-line-de","15":"product_tag-matsa-sans-gluten-de","16":"product_tag-matza-sans-gluten-de","18":"first","19":"outofstock","20":"shipping-taxable","21":"purchasable","22":"product-type-simple"},"acf":[],"yasr_visitor_votes":{"stars_attributes":{"read_only":false,"span_bottom":false},"number_of_votes":0,"sum_votes":0},"_links":{"self":[{"href":"https:\/\/negevdesert.ch\/de\/wp-json\/wp\/v2\/product\/8386","targetHints":{"allow":["GET"]}}],"collection":[{"href":"https:\/\/negevdesert.ch\/de\/wp-json\/wp\/v2\/product"}],"about":[{"href":"https:\/\/negevdesert.ch\/de\/wp-json\/wp\/v2\/types\/product"}],"replies":[{"embeddable":true,"href":"https:\/\/negevdesert.ch\/de\/wp-json\/wp\/v2\/comments?post=8386"}],"wp:featuredmedia":[{"embeddable":true,"href":"https:\/\/negevdesert.ch\/de\/wp-json\/wp\/v2\/media\/8733"}],"wp:attachment":[{"href":"https:\/\/negevdesert.ch\/de\/wp-json\/wp\/v2\/media?parent=8386"}],"wp:term":[{"taxonomy":"product_brand","embeddable":true,"href":"https:\/\/negevdesert.ch\/de\/wp-json\/wp\/v2\/product_brand?post=8386"},{"taxonomy":"product_cat","embeddable":true,"href":"https:\/\/negevdesert.ch\/de\/wp-json\/wp\/v2\/product_cat?post=8386"},{"taxonomy":"product_tag","embeddable":true,"href":"https:\/\/negevdesert.ch\/de\/wp-json\/wp\/v2\/product_tag?post=8386"}],"curies":[{"name":"wp","href":"https:\/\/api.w.org\/{rel}","templated":true}]}}