{"id":815,"date":"2018-07-30T09:56:22","date_gmt":"2018-07-30T06:56:22","guid":{"rendered":"http:\/\/negevdesert.ch\/product\/jerusalem-ein-kerem-kiddush-sweet\/"},"modified":"2021-03-01T22:01:01","modified_gmt":"2021-03-01T21:01:01","slug":"jerusalem-ein-kerem-kiddush-sweet-kosher-wine-israeli","status":"publish","type":"product","link":"https:\/\/negevdesert.ch\/de\/produkt\/jerusalem-ein-kerem-kiddush-sweet-kosher-wine-israeli\/","title":{"rendered":"Jerusalem Ein Kerem &#8211; S\u00fcsswein (Kiddush)"},"content":{"rendered":"<h3 class=\"uppercase\"><span class=\"fancy-underline\" style=\"color: #f99b1c;\"><strong>Jerusalem wineries<\/strong><\/span><\/h3>\n<p class=\"uppercase\"><span style=\"color: #00aae7;\"><strong><span style=\"font-size: 120%;\"><em>ein kerem<\/em><\/span><\/strong><\/span><\/p>\n<p><strong>Jahr<\/strong> : 2018<\/p>\n<p dir=\"ltr\"><strong>Alkohol:<\/strong> 11.5%<\/p>\n<p dir=\"ltr\"><strong>Gr\u00f6\u00dfe<\/strong>: 750ml<\/p>\n<p><span style=\"color: #0000ff;\"><a class=\"mw-redirect\" style=\"color: #0000ff;\" title=\"Jewish holiday\" href=\"https:\/\/en.wikipedia.org\/wiki\/Jewish_holiday\" rel=\"nofollow noopener\" target=\"_blank\">Der traditionelle Kidduschwein ist ein Muss f\u00fcr jeden sakramentalen Wein. Das Wort &#8222;Kiddush&#8220; bedeutet &#8222;Heiligung&#8220; auf Hebr\u00e4isch und ist ein Segen, der \u00fcber Wein oder Traubensaft gesprochen wird, um den Sabbat und die j\u00fcdischen Feiertage zu heiligen.Jewish holidays<\/a><\/span><\/p>\n<h5><em><strong><span style=\"font-size: 100%;\">Israelischer Koscherer Boutique-Wein &#8211; Genf, Schweiz<\/span><\/strong><\/em><\/h5>\n<div style='text-align:left' class='yasr-auto-insert-overall'><\/div><div style='text-align:left' class='yasr-auto-insert-visitor'><!--Yasr Visitor Votes Shortcode--><div id='yasr_visitor_votes_4438d4962c35f' class='yasr-visitor-votes'><div class=\"yasr-custom-text-vv-before yasr-custom-text-vv-before-815\">Click to rate this post!<\/div><div id='yasr-vv-second-row-container-4438d4962c35f'\r\n                                        class='yasr-vv-second-row-container'><div id='yasr-visitor-votes-rater-4438d4962c35f'\r\n                                      class='yasr-rater-stars-vv'\r\n                                      data-rater-postid='815'\r\n                                      data-rating='0'\r\n                                      data-rater-starsize='24'\r\n                                      data-rater-readonly='false'\r\n                                      data-rater-nonce='2217b64c0f'\r\n                                      data-issingular='false'\r\n                                    ><\/div><div class=\"yasr-vv-stats-text-container\" id=\"yasr-vv-stats-text-container-4438d4962c35f\"><svg xmlns=\"https:\/\/www.w3.org\/2000\/svg\" width=\"20\" height=\"20\"\r\n                                   class=\"yasr-dashicons-visitor-stats\"\r\n                                   data-postid=\"815\"\r\n                                   id=\"yasr-stats-dashicon-4438d4962c35f\">\r\n                                   <path d=\"M18 18v-16h-4v16h4zM12 18v-11h-4v11h4zM6 18v-8h-4v8h4z\"><\/path>\r\n                               <\/svg><span id=\"yasr-vv-text-container-4438d4962c35f\" class=\"yasr-vv-text-container\">[Total: <span id=\"yasr-vv-votes-number-container-4438d4962c35f\">0<\/span>  Average: <span id=\"yasr-vv-average-container-4438d4962c35f\">0<\/span>]<\/span><\/div><div id='yasr-vv-loader-4438d4962c35f' class='yasr-vv-container-loader'><\/div><\/div><div id='yasr-vv-bottom-container-4438d4962c35f' class='yasr-vv-bottom-container'><\/div><\/div><!--End Yasr Visitor Votes Shortcode--><\/div>","protected":false},"excerpt":{"rendered":"<h4><strong>Cabernet Sauvignon &#038; Merlot &#8211; S\u00fcsswein mewuschal<\/strong><\/h4>\n<p><em><strong><span style=\"font-size: 110%;\">2018<\/span><\/strong><\/em><\/p>\n","protected":false},"featured_media":817,"comment_status":"open","ping_status":"closed","template":"","meta":{"yasr_overall_rating":0,"yasr_post_is_review":"","yasr_auto_insert_disabled":"","yasr_review_type":""},"product_brand":[92],"product_cat":[61,67],"product_tag":[],"class_list":{"0":"post-815","1":"product","2":"type-product","3":"status-publish","4":"has-post-thumbnail","6":"product_brand-negev-desert-israeli-kosher-boutique-wine-geneva-switzerland-de","7":"product_cat-israelischer-koscher-boutique-wein","8":"product_cat-rot","10":"first","11":"outofstock","12":"shipping-taxable","13":"purchasable","14":"product-type-simple"},"acf":[],"yasr_visitor_votes":{"stars_attributes":{"read_only":false,"span_bottom":false},"number_of_votes":0,"sum_votes":0},"_links":{"self":[{"href":"https:\/\/negevdesert.ch\/de\/wp-json\/wp\/v2\/product\/815","targetHints":{"allow":["GET"]}}],"collection":[{"href":"https:\/\/negevdesert.ch\/de\/wp-json\/wp\/v2\/product"}],"about":[{"href":"https:\/\/negevdesert.ch\/de\/wp-json\/wp\/v2\/types\/product"}],"replies":[{"embeddable":true,"href":"https:\/\/negevdesert.ch\/de\/wp-json\/wp\/v2\/comments?post=815"}],"wp:featuredmedia":[{"embeddable":true,"href":"https:\/\/negevdesert.ch\/de\/wp-json\/wp\/v2\/media\/817"}],"wp:attachment":[{"href":"https:\/\/negevdesert.ch\/de\/wp-json\/wp\/v2\/media?parent=815"}],"wp:term":[{"taxonomy":"product_brand","embeddable":true,"href":"https:\/\/negevdesert.ch\/de\/wp-json\/wp\/v2\/product_brand?post=815"},{"taxonomy":"product_cat","embeddable":true,"href":"https:\/\/negevdesert.ch\/de\/wp-json\/wp\/v2\/product_cat?post=815"},{"taxonomy":"product_tag","embeddable":true,"href":"https:\/\/negevdesert.ch\/de\/wp-json\/wp\/v2\/product_tag?post=815"}],"curies":[{"name":"wp","href":"https:\/\/api.w.org\/{rel}","templated":true}]}}