{"id":737,"date":"2018-11-04T14:45:26","date_gmt":"2018-11-04T12:45:26","guid":{"rendered":"http:\/\/negevdesert.ch\/product\/rn-ramon-malbec-2\/"},"modified":"2023-12-05T10:46:15","modified_gmt":"2023-12-05T09:46:15","slug":"negev-desert-israelischer-koscherer-boutique-wein-genf-schweiz-3","status":"publish","type":"product","link":"https:\/\/negevdesert.ch\/de\/produkt\/negev-desert-israelischer-koscherer-boutique-wein-genf-schweiz-3\/","title":{"rendered":"RN Ramon \u2013 Malbec"},"content":{"rendered":"<h4 class=\"uppercase\"><span class=\"fancy-underline\" style=\"color: #f99b1c; font-size: 100%;\">RAMAT NEGEV WINERY (RN)<\/span><\/h4>\n<p><span style=\"font-size: 120%;\" data-text-color=\"primary\"><em><strong>RAMON &#8211; Malbec<\/strong><\/em><\/span><\/p>\n<p><strong>Jahr<\/strong> : 2020<\/p>\n<p><strong>ALC<\/strong> : 13%.<\/p>\n<p><strong>Reifung : <\/strong>16 Monate in neuen franz\u00f6sischen Eichenf\u00e4ssern.<\/p>\n<p>Die Sorte Malbec \u00fcberrascht dadurch, dass sie sich au\u00dferordentlich an die W\u00fcste des Negev-Klimas in Israel anpasst. Dieser gro\u00dfartige Malbec-Wein hat einen mittleren bis vollen K\u00f6rper, ein starkes Aroma und eine tiefe, faszinierende Farbe. Er sollte zu fetten Fleischgerichten wie Entrec\u00f4te, Lammkoteletts, Lammpastete, Nudeln mit Pesto und Spinat serviert werden.<\/p>\n<h5 dir=\"ltr\"><em>Negev Desert &#8211; Israelischer koscherer Boutique-Wein &#8211; Genf, Schweiz<\/em><\/h5>\n<p>&nbsp;<\/p>\n<div style='text-align:left' class='yasr-auto-insert-overall'><\/div><div style='text-align:left' class='yasr-auto-insert-visitor'><!--Yasr Visitor Votes Shortcode--><div id='yasr_visitor_votes_019045e696e4d' class='yasr-visitor-votes'><div class=\"yasr-custom-text-vv-before yasr-custom-text-vv-before-737\">Click to rate this post!<\/div><div id='yasr-vv-second-row-container-019045e696e4d'\r\n                                        class='yasr-vv-second-row-container'><div id='yasr-visitor-votes-rater-019045e696e4d'\r\n                                      class='yasr-rater-stars-vv'\r\n                                      data-rater-postid='737'\r\n                                      data-rating='0'\r\n                                      data-rater-starsize='24'\r\n                                      data-rater-readonly='false'\r\n                                      data-rater-nonce='2217b64c0f'\r\n                                      data-issingular='false'\r\n                                    ><\/div><div class=\"yasr-vv-stats-text-container\" id=\"yasr-vv-stats-text-container-019045e696e4d\"><svg xmlns=\"https:\/\/www.w3.org\/2000\/svg\" width=\"20\" height=\"20\"\r\n                                   class=\"yasr-dashicons-visitor-stats\"\r\n                                   data-postid=\"737\"\r\n                                   id=\"yasr-stats-dashicon-019045e696e4d\">\r\n                                   <path d=\"M18 18v-16h-4v16h4zM12 18v-11h-4v11h4zM6 18v-8h-4v8h4z\"><\/path>\r\n                               <\/svg><span id=\"yasr-vv-text-container-019045e696e4d\" class=\"yasr-vv-text-container\">[Total: <span id=\"yasr-vv-votes-number-container-019045e696e4d\">0<\/span>  Average: <span id=\"yasr-vv-average-container-019045e696e4d\">0<\/span>]<\/span><\/div><div id='yasr-vv-loader-019045e696e4d' class='yasr-vv-container-loader'><\/div><\/div><div id='yasr-vv-bottom-container-019045e696e4d' class='yasr-vv-bottom-container'><\/div><\/div><!--End Yasr Visitor Votes Shortcode--><\/div>","protected":false},"excerpt":{"rendered":"<h4>100%\u00a0Malbec &#8211; Trockener &#8211; 2020<\/h4>\n<h6><\/h6>\n","protected":false},"featured_media":8858,"comment_status":"open","ping_status":"closed","template":"","meta":{"yasr_overall_rating":0,"yasr_post_is_review":"","yasr_auto_insert_disabled":"","yasr_review_type":""},"product_brand":[87],"product_cat":[61,67],"product_tag":[],"class_list":{"0":"post-737","1":"product","2":"type-product","3":"status-publish","4":"has-post-thumbnail","6":"product_brand-ramat-negev-winery-de","7":"product_cat-israelischer-koscher-boutique-wein","8":"product_cat-rot","10":"first","11":"instock","12":"shipping-taxable","13":"purchasable","14":"product-type-simple"},"acf":[],"yasr_visitor_votes":{"stars_attributes":{"read_only":false,"span_bottom":false},"number_of_votes":0,"sum_votes":0},"_links":{"self":[{"href":"https:\/\/negevdesert.ch\/de\/wp-json\/wp\/v2\/product\/737","targetHints":{"allow":["GET"]}}],"collection":[{"href":"https:\/\/negevdesert.ch\/de\/wp-json\/wp\/v2\/product"}],"about":[{"href":"https:\/\/negevdesert.ch\/de\/wp-json\/wp\/v2\/types\/product"}],"replies":[{"embeddable":true,"href":"https:\/\/negevdesert.ch\/de\/wp-json\/wp\/v2\/comments?post=737"}],"wp:featuredmedia":[{"embeddable":true,"href":"https:\/\/negevdesert.ch\/de\/wp-json\/wp\/v2\/media\/8858"}],"wp:attachment":[{"href":"https:\/\/negevdesert.ch\/de\/wp-json\/wp\/v2\/media?parent=737"}],"wp:term":[{"taxonomy":"product_brand","embeddable":true,"href":"https:\/\/negevdesert.ch\/de\/wp-json\/wp\/v2\/product_brand?post=737"},{"taxonomy":"product_cat","embeddable":true,"href":"https:\/\/negevdesert.ch\/de\/wp-json\/wp\/v2\/product_cat?post=737"},{"taxonomy":"product_tag","embeddable":true,"href":"https:\/\/negevdesert.ch\/de\/wp-json\/wp\/v2\/product_tag?post=737"}],"curies":[{"name":"wp","href":"https:\/\/api.w.org\/{rel}","templated":true}]}}