{"id":1107,"date":"2019-01-06T12:51:41","date_gmt":"2019-01-06T10:51:41","guid":{"rendered":"http:\/\/negevdesert.ch\/?post_type=product&#038;p=1107"},"modified":"2026-03-29T11:20:05","modified_gmt":"2026-03-29T09:20:05","slug":"organic-extra-virgin-olive-oil-250ml","status":"publish","type":"product","link":"https:\/\/negevdesert.ch\/de\/produkt\/organic-extra-virgin-olive-oil-250ml\/","title":{"rendered":"Moshav Extra Virgin Oliven\u00f6l \u2013 250ml"},"content":{"rendered":"<h3 class=\"uppercase\"><span class=\"fancy-underline\"><strong>MOSHAV<\/strong><\/span><\/h3>\n<p>Extra Virgin Oliven\u00f6l &#8211; 250ml<\/p>\n<p>Dieses Oliven\u00f6l ist einzigartig, da nur 1000 Olivenb\u00e4ume f\u00fcr seine Herstellung verwendet werden. Es wird von der Familie Simhoni aus dem Moschaw Bnei Hatarot in Zentralisrael von Hand geerntet. Dieser Moschaw baut die israelischen Barnea-Oliven ab.<\/p>\n<p>Maximaler S\u00e4uregehalt 0.5 %<\/p>\n<p>Koscher f\u00fcr Pessach<\/p>\n<h5><a href=\"https:\/\/de.frwiki.wiki\/wiki\/Bnei_Atarot\" rel=\"nofollow noopener\" target=\"_blank\"><strong><em>PRODUZIERT IN ISRAEL \u2013 Simchoni Farm, Moshav Bnei Atarot<\/em><\/strong><\/a><\/h5>\n<div style='text-align:left' class='yasr-auto-insert-overall'><\/div><div style='text-align:left' class='yasr-auto-insert-visitor'><!--Yasr Visitor Votes Shortcode--><div id='yasr_visitor_votes_cf60ef1a5149e' class='yasr-visitor-votes'><div class=\"yasr-custom-text-vv-before yasr-custom-text-vv-before-1107\">Click to rate this post!<\/div><div id='yasr-vv-second-row-container-cf60ef1a5149e'\r\n                                        class='yasr-vv-second-row-container'><div id='yasr-visitor-votes-rater-cf60ef1a5149e'\r\n                                      class='yasr-rater-stars-vv'\r\n                                      data-rater-postid='1107'\r\n                                      data-rating='0'\r\n                                      data-rater-starsize='24'\r\n                                      data-rater-readonly='false'\r\n                                      data-rater-nonce='2217b64c0f'\r\n                                      data-issingular='false'\r\n                                    ><\/div><div class=\"yasr-vv-stats-text-container\" id=\"yasr-vv-stats-text-container-cf60ef1a5149e\"><svg xmlns=\"https:\/\/www.w3.org\/2000\/svg\" width=\"20\" height=\"20\"\r\n                                   class=\"yasr-dashicons-visitor-stats\"\r\n                                   data-postid=\"1107\"\r\n                                   id=\"yasr-stats-dashicon-cf60ef1a5149e\">\r\n                                   <path d=\"M18 18v-16h-4v16h4zM12 18v-11h-4v11h4zM6 18v-8h-4v8h4z\"><\/path>\r\n                               <\/svg><span id=\"yasr-vv-text-container-cf60ef1a5149e\" class=\"yasr-vv-text-container\">[Total: <span id=\"yasr-vv-votes-number-container-cf60ef1a5149e\">0<\/span>  Average: <span id=\"yasr-vv-average-container-cf60ef1a5149e\">0<\/span>]<\/span><\/div><div id='yasr-vv-loader-cf60ef1a5149e' class='yasr-vv-container-loader'><\/div><\/div><div id='yasr-vv-bottom-container-cf60ef1a5149e' class='yasr-vv-bottom-container'><\/div><\/div><!--End Yasr Visitor Votes Shortcode--><\/div>","protected":false},"excerpt":{"rendered":"<div class=\"box-9\">\n<div class=\"product-description\">\n<p>Extra Virgin Oliven\u00f6l<\/p>\n<p>100%\u00a0 MADE IN ISRAEL<\/p>\n<p>250ml<\/p>\n<\/div>\n<\/div>\n","protected":false},"featured_media":8762,"comment_status":"open","ping_status":"closed","template":"","meta":{"yasr_overall_rating":0,"yasr_post_is_review":"","yasr_auto_insert_disabled":"","yasr_review_type":""},"product_brand":[],"product_cat":[51,53],"product_tag":[147],"class_list":{"0":"post-1107","1":"product","2":"type-product","3":"status-publish","4":"has-post-thumbnail","6":"product_cat-olivenol","7":"product_cat-andere-produkte","8":"product_tag-koscher-pessach","10":"first","11":"instock","12":"shipping-taxable","13":"purchasable","14":"product-type-simple"},"acf":[],"yasr_visitor_votes":{"stars_attributes":{"read_only":false,"span_bottom":false},"number_of_votes":0,"sum_votes":0},"_links":{"self":[{"href":"https:\/\/negevdesert.ch\/de\/wp-json\/wp\/v2\/product\/1107","targetHints":{"allow":["GET"]}}],"collection":[{"href":"https:\/\/negevdesert.ch\/de\/wp-json\/wp\/v2\/product"}],"about":[{"href":"https:\/\/negevdesert.ch\/de\/wp-json\/wp\/v2\/types\/product"}],"replies":[{"embeddable":true,"href":"https:\/\/negevdesert.ch\/de\/wp-json\/wp\/v2\/comments?post=1107"}],"wp:featuredmedia":[{"embeddable":true,"href":"https:\/\/negevdesert.ch\/de\/wp-json\/wp\/v2\/media\/8762"}],"wp:attachment":[{"href":"https:\/\/negevdesert.ch\/de\/wp-json\/wp\/v2\/media?parent=1107"}],"wp:term":[{"taxonomy":"product_brand","embeddable":true,"href":"https:\/\/negevdesert.ch\/de\/wp-json\/wp\/v2\/product_brand?post=1107"},{"taxonomy":"product_cat","embeddable":true,"href":"https:\/\/negevdesert.ch\/de\/wp-json\/wp\/v2\/product_cat?post=1107"},{"taxonomy":"product_tag","embeddable":true,"href":"https:\/\/negevdesert.ch\/de\/wp-json\/wp\/v2\/product_tag?post=1107"}],"curies":[{"name":"wp","href":"https:\/\/api.w.org\/{rel}","templated":true}]}}