{"id":10216,"date":"2024-10-15T14:40:25","date_gmt":"2024-10-15T12:40:25","guid":{"rendered":"https:\/\/negevdesert.ch\/product\/vranken-demoiselle-champagne-karton-schachtel\/"},"modified":"2025-07-15T14:03:56","modified_gmt":"2025-07-15T12:03:56","slug":"vranken-demoiselle-champagne-karton-schachtel","status":"publish","type":"product","link":"https:\/\/negevdesert.ch\/de\/produkt\/vranken-demoiselle-champagne-karton-schachtel\/","title":{"rendered":"Vranken DEMOISELLE &#8211; Champagne + Karton Schachtel"},"content":{"rendered":"<h1>Cuv\u00e9es Demoiselle<\/h1>\n<h3>Vranken Demoiselle E.O. Brut Champagner in Geschenkpackung Champagner<\/h3>\n<h3>12,5%<\/h3>\n<h3>0,75l Flasche<\/h3>\n<p>Feiner Vranken Demoiselle E.O. Brut in Geschenkpackung Champagner aus Frankreich<\/p>\n<p>Der Vranken Demoiselle E.O. Brut in Geschenkpackung Champagner ist eines von vielen Qualit\u00e4tsprodukten der Firma mit ihren belgischen Wurzeln und dem franz\u00f6sischen Produktionsstandort. Die Marke Cuv\u00e9es Demoiselle gesellt sich zu den ebenfalls anspruchsvollen Cuv\u00e9es Diamant und steht f\u00fcr eine wunderbare Mischung aus Alltagstauglichkeit und Anspruch. Kennzeichnend f\u00fcr den Vranken Demoiselle E.O. Brut in Geschenkpackung Champagner und seine Mitstreiter derselben Linie ist, dass die Cuv\u00e9e mehrheitlich auf der Wei\u00dfweinsorte Chardonnay basiert. Dazu gesellt sich die Rotweinsorte Pinot Noir, ebenfalls in der Champagne in vorteilhaften Lagen angebaut. Der edle Vranken Demoiselle E.O. Brut in Geschenkpackung Champagner aus bekanntem Hause verk\u00f6rpert innerhalb der Serie den trockenen bis feinherben Klassiker und spricht daher sowohl Kenner als auch Einsteiger an. Alternativ bietet sich eine s\u00fc\u00dfere Sweet Variante oder der Rose Champagner an.<\/p>\n<p>Champagner Koscher<\/p>\n<div style='text-align:left' class='yasr-auto-insert-overall'><\/div><div style='text-align:left' class='yasr-auto-insert-visitor'><!--Yasr Visitor Votes Shortcode--><div id='yasr_visitor_votes_11527f4a67a96' class='yasr-visitor-votes'><div class=\"yasr-custom-text-vv-before yasr-custom-text-vv-before-10216\">Click to rate this post!<\/div><div id='yasr-vv-second-row-container-11527f4a67a96'\r\n                                        class='yasr-vv-second-row-container'><div id='yasr-visitor-votes-rater-11527f4a67a96'\r\n                                      class='yasr-rater-stars-vv'\r\n                                      data-rater-postid='10216'\r\n                                      data-rating='0'\r\n                                      data-rater-starsize='24'\r\n                                      data-rater-readonly='false'\r\n                                      data-rater-nonce='31f212ff2e'\r\n                                      data-issingular='false'\r\n                                    ><\/div><div class=\"yasr-vv-stats-text-container\" id=\"yasr-vv-stats-text-container-11527f4a67a96\"><svg xmlns=\"https:\/\/www.w3.org\/2000\/svg\" width=\"20\" height=\"20\"\r\n                                   class=\"yasr-dashicons-visitor-stats\"\r\n                                   data-postid=\"10216\"\r\n                                   id=\"yasr-stats-dashicon-11527f4a67a96\">\r\n                                   <path d=\"M18 18v-16h-4v16h4zM12 18v-11h-4v11h4zM6 18v-8h-4v8h4z\"><\/path>\r\n                               <\/svg><span id=\"yasr-vv-text-container-11527f4a67a96\" class=\"yasr-vv-text-container\">[Total: <span id=\"yasr-vv-votes-number-container-11527f4a67a96\">0<\/span>  Average: <span id=\"yasr-vv-average-container-11527f4a67a96\">0<\/span>]<\/span><\/div><div id='yasr-vv-loader-11527f4a67a96' class='yasr-vv-container-loader'><\/div><\/div><div id='yasr-vv-bottom-container-11527f4a67a96' class='yasr-vv-bottom-container'><\/div><\/div><!--End Yasr Visitor Votes Shortcode--><\/div>","protected":false},"excerpt":{"rendered":"<p>Chardonnay, Pinot Noir &amp; Le Pinot Meunier<\/p>\n<p>Champagner Koscher\u00a0&#8211; Prestige<\/p>\n","protected":false},"featured_media":10206,"comment_status":"open","ping_status":"closed","template":"","meta":{"yasr_overall_rating":0,"yasr_post_is_review":"","yasr_auto_insert_disabled":"","yasr_review_type":""},"product_brand":[],"product_cat":[63],"product_tag":[],"class_list":{"0":"post-10216","1":"product","2":"type-product","3":"status-publish","4":"has-post-thumbnail","6":"product_cat-champagner","8":"first","9":"instock","10":"shipping-taxable","11":"purchasable","12":"product-type-simple"},"acf":[],"yasr_visitor_votes":{"stars_attributes":{"read_only":false,"span_bottom":false},"number_of_votes":0,"sum_votes":0},"_links":{"self":[{"href":"https:\/\/negevdesert.ch\/de\/wp-json\/wp\/v2\/product\/10216","targetHints":{"allow":["GET"]}}],"collection":[{"href":"https:\/\/negevdesert.ch\/de\/wp-json\/wp\/v2\/product"}],"about":[{"href":"https:\/\/negevdesert.ch\/de\/wp-json\/wp\/v2\/types\/product"}],"replies":[{"embeddable":true,"href":"https:\/\/negevdesert.ch\/de\/wp-json\/wp\/v2\/comments?post=10216"}],"wp:featuredmedia":[{"embeddable":true,"href":"https:\/\/negevdesert.ch\/de\/wp-json\/wp\/v2\/media\/10206"}],"wp:attachment":[{"href":"https:\/\/negevdesert.ch\/de\/wp-json\/wp\/v2\/media?parent=10216"}],"wp:term":[{"taxonomy":"product_brand","embeddable":true,"href":"https:\/\/negevdesert.ch\/de\/wp-json\/wp\/v2\/product_brand?post=10216"},{"taxonomy":"product_cat","embeddable":true,"href":"https:\/\/negevdesert.ch\/de\/wp-json\/wp\/v2\/product_cat?post=10216"},{"taxonomy":"product_tag","embeddable":true,"href":"https:\/\/negevdesert.ch\/de\/wp-json\/wp\/v2\/product_tag?post=10216"}],"curies":[{"name":"wp","href":"https:\/\/api.w.org\/{rel}","templated":true}]}}