{"id":10212,"date":"2024-10-10T16:18:53","date_gmt":"2024-10-10T14:18:53","guid":{"rendered":"https:\/\/negevdesert.ch\/product\/pommery-royal-brut-champagner-karton-schachtel\/"},"modified":"2024-11-19T11:06:27","modified_gmt":"2024-11-19T10:06:27","slug":"pommery-royal-brut-champagner-karton-schachtel","status":"publish","type":"product","link":"https:\/\/negevdesert.ch\/de\/produkt\/pommery-royal-brut-champagner-karton-schachtel\/","title":{"rendered":"POMMERY Royal Brut -Champagner"},"content":{"rendered":"<h4 class=\"uppercase\"><span class=\"fancy-underline\" style=\"color: #f99b1c;\">pommery Champagne<\/span><\/h4>\n<div class=\"product-name\">\n<p><strong>Farbe<\/strong>: Weiss<\/p>\n<\/div>\n<p><strong>Alkoholgehalt <\/strong>: 12.5%<\/p>\n<p><strong>Volume<\/strong>\u00a0: 750ml<\/p>\n<h2>Pommery Brut Royal<\/h2>\n<p>Der Champagner Pommery Brut Royal ist das Flaggschiff des Pommery Hauses. Er verk\u00f6rpert perfekt die Frische, Finesse und Vitalit\u00e4t, die in jeder Flasche des franz\u00f6sischen Unternehmens funkeln. Genie\u00dfen Sie das Pommery-Erlebnis und sichern Sie sich das ber\u00fchmte blaue Label in unserem Online-Shop!<\/p>\n<h3 id=\"geschichte\">Geschichte<\/h3>\n<p>Bereits 1856 zog sich Monsieur Pommery von seinem Wollgesch\u00e4ft zur\u00fcck, um in den wohlverdienten Ruhestand zu gehen, als seine Frau auf wundersame Weise mit ihrem zweiten Kind schwanger wurde. Der Unternehmer \u00e4nderte also seine Pl\u00e4ne, um seiner kleinen Tochter eine Zukunft zu sichern. Er beschloss, mit dem Handel von Weinen zu beginnen, ein damals bl\u00fchendes Gesch\u00e4ft. Ein Jahr sp\u00e4ter, nach dem Tod von Monsieur Pommery, \u00fcbernahm seine Witwe die Leitung des Unternehmens.<\/p>\n<h3 id=\"geschmack\">Geschmack<\/h3>\n<p>Der Pommery Brut Royal Champagner ist die ber\u00fchmteste Cuv\u00e9e des Hauses. Das edle tiefblaue Etikett l\u00e4dt Sie zu einem eleganten Moment der Verkostung ein. G\u00f6nnen Sie sich einen Drink und schauen Sie sich den h\u00fcbschen, hellgelben Champagner mit leicht gr\u00fcnen Reflexen an. In der Nase genie\u00dfen Sie frische und raffinierte Aromen von Zitrusfr\u00fcchten, wei\u00dfen Blumen und roten Fr\u00fcchten. Der Geschmack ist lebendig und elegant und wird von Spuren kleiner roter Fr\u00fcchte dominiert. Dieser Champagner bleibt rund, gerade und harmonisch bis zum langen Ende. Deshalb ist Pommery Brut Royal ein Champagner, der zu jeder Tageszeit leicht zu genie\u00dfen ist!<\/p>\n<p>&nbsp;<\/p>\n<p>Koscher, Wei\u00dfer Champagner<\/p>\n<div class=\"woocommerce-tabs container tabbed-content\">\n<div class=\"tab-panels\">\n<div id=\"tab-description\" class=\"panel entry-content active\">\n<h5 class=\"alt-font\" style=\"text-align: center;\"><strong><em>Negev Desert \u2013 Israelischer koscherer Wein &amp; Koscher, Wei\u00dfer Champagner<\/em><\/strong><\/h5>\n<h5 class=\"alt-font\" style=\"text-align: center;\"><strong><em> Schweiz \u2013 Online Koschere Gesch\u00e4fte<\/em><\/strong><\/h5>\n<p>&nbsp;<\/p>\n<\/div>\n<\/div>\n<\/div>\n<div style='text-align:left' class='yasr-auto-insert-overall'><\/div><div style='text-align:left' class='yasr-auto-insert-visitor'><!--Yasr Visitor Votes Shortcode--><div id='yasr_visitor_votes_66de6c18fc869' class='yasr-visitor-votes'><div class=\"yasr-custom-text-vv-before yasr-custom-text-vv-before-10212\">Click to rate this post!<\/div><div id='yasr-vv-second-row-container-66de6c18fc869'\r\n                                        class='yasr-vv-second-row-container'><div id='yasr-visitor-votes-rater-66de6c18fc869'\r\n                                      class='yasr-rater-stars-vv'\r\n                                      data-rater-postid='10212'\r\n                                      data-rating='0'\r\n                                      data-rater-starsize='24'\r\n                                      data-rater-readonly='false'\r\n                                      data-rater-nonce='31f212ff2e'\r\n                                      data-issingular='false'\r\n                                    ><\/div><div class=\"yasr-vv-stats-text-container\" id=\"yasr-vv-stats-text-container-66de6c18fc869\"><svg xmlns=\"https:\/\/www.w3.org\/2000\/svg\" width=\"20\" height=\"20\"\r\n                                   class=\"yasr-dashicons-visitor-stats\"\r\n                                   data-postid=\"10212\"\r\n                                   id=\"yasr-stats-dashicon-66de6c18fc869\">\r\n                                   <path d=\"M18 18v-16h-4v16h4zM12 18v-11h-4v11h4zM6 18v-8h-4v8h4z\"><\/path>\r\n                               <\/svg><span id=\"yasr-vv-text-container-66de6c18fc869\" class=\"yasr-vv-text-container\">[Total: <span id=\"yasr-vv-votes-number-container-66de6c18fc869\">0<\/span>  Average: <span id=\"yasr-vv-average-container-66de6c18fc869\">0<\/span>]<\/span><\/div><div id='yasr-vv-loader-66de6c18fc869' class='yasr-vv-container-loader'><\/div><\/div><div id='yasr-vv-bottom-container-66de6c18fc869' class='yasr-vv-bottom-container'><\/div><\/div><!--End Yasr Visitor Votes Shortcode--><\/div>","protected":false},"excerpt":{"rendered":"<p>Chardonnay, Pinot Noir &amp; Pinot Meunier.<\/p>\n<p>Koscher, Wei\u00dfer Champagner &#8211; Premium<\/p>\n","protected":false},"featured_media":10146,"comment_status":"open","ping_status":"closed","template":"","meta":{"yasr_overall_rating":0,"yasr_post_is_review":"","yasr_auto_insert_disabled":"","yasr_review_type":""},"product_brand":[],"product_cat":[63],"product_tag":[231,147,292],"class_list":{"0":"post-10212","1":"product","2":"type-product","3":"status-publish","4":"has-post-thumbnail","6":"product_cat-champagner","7":"product_tag-cacher-lepessah-de","8":"product_tag-koscher-pessach","9":"product_tag-rotwine-koscher","11":"first","12":"instock","13":"shipping-taxable","14":"purchasable","15":"product-type-simple"},"acf":[],"yasr_visitor_votes":{"stars_attributes":{"read_only":false,"span_bottom":false},"number_of_votes":0,"sum_votes":0},"_links":{"self":[{"href":"https:\/\/negevdesert.ch\/de\/wp-json\/wp\/v2\/product\/10212","targetHints":{"allow":["GET"]}}],"collection":[{"href":"https:\/\/negevdesert.ch\/de\/wp-json\/wp\/v2\/product"}],"about":[{"href":"https:\/\/negevdesert.ch\/de\/wp-json\/wp\/v2\/types\/product"}],"replies":[{"embeddable":true,"href":"https:\/\/negevdesert.ch\/de\/wp-json\/wp\/v2\/comments?post=10212"}],"wp:featuredmedia":[{"embeddable":true,"href":"https:\/\/negevdesert.ch\/de\/wp-json\/wp\/v2\/media\/10146"}],"wp:attachment":[{"href":"https:\/\/negevdesert.ch\/de\/wp-json\/wp\/v2\/media?parent=10212"}],"wp:term":[{"taxonomy":"product_brand","embeddable":true,"href":"https:\/\/negevdesert.ch\/de\/wp-json\/wp\/v2\/product_brand?post=10212"},{"taxonomy":"product_cat","embeddable":true,"href":"https:\/\/negevdesert.ch\/de\/wp-json\/wp\/v2\/product_cat?post=10212"},{"taxonomy":"product_tag","embeddable":true,"href":"https:\/\/negevdesert.ch\/de\/wp-json\/wp\/v2\/product_tag?post=10212"}],"curies":[{"name":"wp","href":"https:\/\/api.w.org\/{rel}","templated":true}]}}