{"id":606,"date":"2018-12-10T09:58:20","date_gmt":"2018-12-10T07:58:20","guid":{"rendered":"http:\/\/negevdesert.ch\/?page_id=606"},"modified":"2019-06-05T15:31:42","modified_gmt":"2019-06-05T13:31:42","slug":"ueber-uns","status":"publish","type":"page","link":"https:\/\/negevdesert.ch\/de\/ueber-uns\/","title":{"rendered":"\u00dcber uns"},"content":{"rendered":"\nNegev Desert&#8220; ist ein junges und dynamisches schweizerisch-israelisches Unternehmen, das 2014 in Genf, Schweiz, gegr\u00fcndet wurde. Wir m\u00f6chten unser Wissen \u00fcber die verschiedenen Regionen Israels wie Galil\u00e4a, Jerusalem, Bersheva und andere Kibbuz\/Moschaw im ganzen Land teilen, ebenso wie unsere Liebe zu Wein und hochwertigen Epicerie-Feinprodukten. Unser Hauptziel ist es, mit unseren Kunden den Geschmack israelischer High-End-Produkte, insbesondere aus der W\u00fcstenregion, zu teilen. Wir sind bestrebt, neue und au\u00dfergew\u00f6hnliche Produkte zu entdecken, insbesondere Weine aus der Region Negev, die in ihrer Art einzigartig sind.\n&#8222;Negev Desert&#8220; garantiert, dass alle unsere Produkte von h\u00f6chster Qualit\u00e4t und Standard sind. Wir sind stolz darauf, den Schweizern die M\u00f6glichkeit zu bieten, den Geschmack des Heiligen Landes zu erleben.\n\nAlle unsere Produkte sind einzigartig, koscher und werden ausschlie\u00dflich von &#8222;Negev Desert&#8220; importiert. Lieferung in die ganze Schweiz.\n<div style='text-align:left' class='yasr-auto-insert-overall'><\/div><div style='text-align:left' class='yasr-auto-insert-visitor'><!--Yasr Visitor Votes Shortcode--><div id='yasr_visitor_votes_d63d712395922' class='yasr-visitor-votes'><div class=\"yasr-custom-text-vv-before yasr-custom-text-vv-before-606\">Click to rate this post!<\/div><div id='yasr-vv-second-row-container-d63d712395922'\r\n                                        class='yasr-vv-second-row-container'><div id='yasr-visitor-votes-rater-d63d712395922'\r\n                                      class='yasr-rater-stars-vv'\r\n                                      data-rater-postid='606'\r\n                                      data-rating='0'\r\n                                      data-rater-starsize='24'\r\n                                      data-rater-readonly='false'\r\n                                      data-rater-nonce='f81a6b2000'\r\n                                      data-issingular='false'\r\n                                    ><\/div><div class=\"yasr-vv-stats-text-container\" id=\"yasr-vv-stats-text-container-d63d712395922\"><svg xmlns=\"https:\/\/www.w3.org\/2000\/svg\" width=\"20\" height=\"20\"\r\n                                   class=\"yasr-dashicons-visitor-stats\"\r\n                                   data-postid=\"606\"\r\n                                   id=\"yasr-stats-dashicon-d63d712395922\">\r\n                                   <path d=\"M18 18v-16h-4v16h4zM12 18v-11h-4v11h4zM6 18v-8h-4v8h4z\"><\/path>\r\n                               <\/svg><span id=\"yasr-vv-text-container-d63d712395922\" class=\"yasr-vv-text-container\">[Total: <span id=\"yasr-vv-votes-number-container-d63d712395922\">0<\/span>  Average: <span id=\"yasr-vv-average-container-d63d712395922\">0<\/span>]<\/span><\/div><div id='yasr-vv-loader-d63d712395922' class='yasr-vv-container-loader'><\/div><\/div><div id='yasr-vv-bottom-container-d63d712395922' class='yasr-vv-bottom-container'><\/div><\/div><!--End Yasr Visitor Votes Shortcode--><\/div>","protected":false},"excerpt":{"rendered":"<p>Negev Desert&#8220; ist ein junges und dynamisches schweizerisch-israelisches Unternehmen, das 2014 in Genf, Schweiz, gegr\u00fcndet wurde. Wir m\u00f6chten unser Wissen \u00fcber die verschiedenen Regionen Israels wie Galil\u00e4a, Jerusalem, Bersheva und andere Kibbuz\/Moschaw im ganzen Land teilen, ebenso wie unsere Liebe zu Wein und hochwertigen Epicerie-Feinprodukten. Unser Hauptziel ist es, mit unseren Kunden den Geschmack israelischer [&#8230;]\n","protected":false},"author":1,"featured_media":0,"parent":0,"menu_order":0,"comment_status":"closed","ping_status":"closed","template":"","meta":{"yasr_overall_rating":0,"yasr_post_is_review":"","yasr_auto_insert_disabled":"","yasr_review_type":"","footnotes":""},"class_list":["post-606","page","type-page","status-publish","hentry"],"acf":[],"yasr_visitor_votes":{"stars_attributes":{"read_only":false,"span_bottom":false},"number_of_votes":0,"sum_votes":0},"_links":{"self":[{"href":"https:\/\/negevdesert.ch\/de\/wp-json\/wp\/v2\/pages\/606","targetHints":{"allow":["GET"]}}],"collection":[{"href":"https:\/\/negevdesert.ch\/de\/wp-json\/wp\/v2\/pages"}],"about":[{"href":"https:\/\/negevdesert.ch\/de\/wp-json\/wp\/v2\/types\/page"}],"author":[{"embeddable":true,"href":"https:\/\/negevdesert.ch\/de\/wp-json\/wp\/v2\/users\/1"}],"replies":[{"embeddable":true,"href":"https:\/\/negevdesert.ch\/de\/wp-json\/wp\/v2\/comments?post=606"}],"version-history":[{"count":5,"href":"https:\/\/negevdesert.ch\/de\/wp-json\/wp\/v2\/pages\/606\/revisions"}],"predecessor-version":[{"id":1373,"href":"https:\/\/negevdesert.ch\/de\/wp-json\/wp\/v2\/pages\/606\/revisions\/1373"}],"wp:attachment":[{"href":"https:\/\/negevdesert.ch\/de\/wp-json\/wp\/v2\/media?parent=606"}],"curies":[{"name":"wp","href":"https:\/\/api.w.org\/{rel}","templated":true}]}}