{"id":10029,"date":"2024-07-05T09:00:39","date_gmt":"2024-07-05T07:00:39","guid":{"rendered":"https:\/\/negevdesert.ch\/?page_id=10029"},"modified":"2024-07-09T12:22:50","modified_gmt":"2024-07-09T10:22:50","slug":"geschaeftsbedingungen","status":"publish","type":"page","link":"https:\/\/negevdesert.ch\/de\/geschaeftsbedingungen\/","title":{"rendered":"Gesch\u00e4ftsbedingungen"},"content":{"rendered":"<div class=\"page-container\">\n<h1 class=\"terms-main-heading\"><span style=\"color: #f99b1c;\"><strong>Rechtliche Hinweise<\/strong><\/span><\/h1>\n<div class=\"business-info\">\n<h3>NEGEV DESERT, WEINSTEIN ist der Betreiber der Website www.negevdesert.ch.<\/h3>\n<h4><strong>NEGEV DESERT, WEINSTEIN<\/strong><\/h4>\n<p>Chemin Taverney 4<br \/>\n1218 Le Grand-Saconnex \/ Genf &#8211; Schweiz<br \/>\nTel: <a href=\"tel:+41225352968\">+41 (0)22 535 29 68<\/a><br \/>\nE-mail: <a href=\"mailto:contact@negevdesert.ch\">contact@negevdesert.ch<\/a><\/p>\n<\/div>\n<h1 class=\"terms-main-heading\">Verkaufsverbot an Minderj\u00e4hrige<\/h1>\n<h2 class=\"terms-sec-heading\">Es darf kein Alkohol darf an Minderj\u00e4hrige verkauft werden.<\/h2>\n<p class=\"terms-para\">Der Verkauf von Wein an unter 16-j\u00e4hrige und von Spirituosen an unter 18-j\u00e4hrige Personen ist<br \/>\nverboten.<br \/>\nDer Kunde best\u00e4tigt mit seiner Bestellung die enstprechende Vollj\u00e4hrigkeit.<\/p>\n<h2 class=\"terms-sec-heading\">Widerrufsrecht<\/h2>\n<p class=\"terms-para\">Eine abgeschlossene Bestellung ist, unabh\u00e4ngig von der gew\u00e4hlten Zahlungsmethode, endg\u00fcltig.<br \/>\nDer K\u00e4ufer hat kein Recht auf R\u00fcckgabe oder Widerruf der bestellten Ware.<\/p>\n<h2 class=\"terms-sec-heading\">Bestimmungen zum Datenschutz<\/h2>\n<p class=\"terms-para\">Alle pers\u00f6nlichen Daten, welche Sie uns angeben, werden absolut vertraulich behandelt und nach<br \/>\nschweizerischem Recht behandelt ins besondere nach \u201cLoi du 5 octobre 2001 sur l\u2019information du public, l\u2019acc\u00e8s<br \/>\naux documents et la protection des donn\u00e9es personnelles\u201d des Kantons Genf.<\/p>\n<h2 class=\"terms-sec-heading\">Urheberrecht<\/h2>\n<p class=\"terms-para\">Kein Teil der Website darf ohne vorherige schriftliche Zustimmung von Negev Desert, Weinstein<br \/>\nganz oder teilweise vervielf\u00e4ltigt, verbreitet oder ver\u00f6ffentlicht werden.<\/p>\n<p>Die Verwendung des Inhaltes der Webseite www.negevdesert.ch, im Ganzen oder in Teilen kopiert, reproduziert,<br \/>\n\u00fcbertragen, dargestellt oder weiterverbreitet f\u00fcr andere Zwecke als Ihren pers\u00f6nlichen und privaten Gebrauch<br \/>\nverboten.<\/p>\n<h1 class=\"terms-main-heading\"><strong><span style=\"color: #f99b1c;\">VERKAUFSBEDINGUNGEN<\/span><\/strong><\/h1>\n<h2 class=\"terms-sec-heading\">Preis<\/h2>\n<p class=\"terms-para\">Alle Preise sind in Schweizer Franken inklusive MwSt. (je nach Artikel 8.1% oder 2.6%).<\/p>\n<h2 class=\"terms-sec-heading\">Verf\u00fcgbarkeit<\/h2>\n<p class=\"terms-para\">Die Liste der verf\u00fcgbaren Produkte basiert auf den aktuellen Best\u00e4nden und kann je nach<br \/>\naktuellen oder bevorstehenden Verk\u00e4ufen variieren. Im Falle der Nichtverf\u00fcgbarkeit verpflichtet sich Negev<br \/>\nDesert, Weinstein, den K\u00e4ufer so schnell wie m\u00f6glich zu informieren und bei Nichtverf\u00fcgbarkeit<br \/>\nzur\u00fcckzuerstatten. Wir behalten uns das Recht vor, bestimmte Produkte nur in sehr begrenzten Mengen zur<br \/>\nVerf\u00fcgung zu stellen.<\/p>\n<h2 class=\"terms-sec-heading\">Zahlung<\/h2>\n<p class=\"terms-para\">Bestellungen sind im Voraus zu bezahlen. Sie k\u00f6nnen aus den auf unserer Website angebotenen<br \/>\nZahlungsarten w\u00e4hlen.<br \/>\nDie Produkte bleiben bis zur vollst\u00e4ndigen Bezahlung der Bestellung im Eigentum der Negev Desert, Weinstein.<\/p>\n<ul class=\"terms-list\">\n<li>Kreditkarte: Beim Kauf werden Sie an unseren Partner weitergeleitet, der Ihre Zahlung per Karte<br \/>\nsicher, vollst\u00e4ndig verschl\u00fcsselt und gesch\u00fctzt vornimmt.<\/li>\n<li>Rechnung: Sie k\u00f6nnen Ihre Eink\u00e4ufe auch per Bank\u00fcberweisung bezahlen. Bitte beachten Sie, dass<br \/>\ndiese Zahlungsart zu l\u00e4ngeren Lieferzeiten f\u00fchren kann. Nach Zahlungseingang wird Ihre Bestellung<br \/>\nvorbereitet und eine Best\u00e4tigung \u00fcber die bezahlte Rechnung wird Ihnen per E-Mail zugesandt.<\/li>\n<li>PayPal: Beim Kauf \u00fcber unser PayPal-Konto unter: contact@negevdesert.ch, werden Sie an unseren<br \/>\nPartner weitergeleitet, um Ihre Zahlung ist v\u00f6llig sicher und Sie werden eine Best\u00e4tigungs-E-Mail erhalten.<\/li>\n<li>Twint<\/li>\n<\/ul>\n<div class=\"imp-info\">\n<div class=\"imp-info-inner\">Bankverbindung: Postfinance SA<br \/>\nAdresse: Mingerstrasse 20, 3030, Bern, Schweiz<br \/>\nKontonummer: 49023197<br \/>\nIBAN: CH0909000000899463136 BIC\/SWIFT: POFICHBEXXX<\/div>\n<\/div>\n<h2 class=\"terms-sec-heading\">G\u00fcltigkeit<\/h2>\n<p class=\"terms-para\">Negev Desert, Weinstein beh\u00e4lt sich das Recht vor, die Preise, das Sortiment und die Verkaufsbedingungen ohne Vorank\u00fcndigung zu \u00e4ndern.<\/p>\n<h2 class=\"terms-sec-heading\">Fehlerhafte Flaschen<\/h2>\n<p class=\"terms-para\">Verkorkte oder defekte Weine werden nicht ersetzt. Defekte Artikel werden nicht ersetzt.<\/p>\n<h2 class=\"terms-sec-heading\">Besch\u00e4digte Lieferung<\/h2>\n<p class=\"terms-para\">Pr\u00fcfen Sie die Ware unmittelbar nach Erhalt auf Vollst\u00e4ndigkeit. Nach 8 Tagen gilt die Lieferung als akzeptiert. M\u00e4ngelr\u00fcgen m\u00fcssen innerhalb dieser Frist mitgeteilt werden. Ist das Paket bei der Lieferung bereits besch\u00e4digt, k\u00f6nnen Sie die Annahme verweigern.<\/p>\n<h2 class=\"terms-sec-heading\">Lieferkonditionen (gilt f\u00fcr die ganze Schweiz):<\/h2>\n<ul class=\"terms-list\">\n<li>Wir k\u00f6nnen zu keine verbindlichen Lieferzeiten verpflichten , dies h\u00e4ngt von Drittdientsleistern ab.. Wir tun unser Bestes, um Sie so schnell wie m\u00f6glich zu beliefern.<\/li>\n<li>Wir versenden nicht nach \u00dcbersee.<\/li>\n<li>Die Lieferkosten betragen 20 CHF pro Bestellung. Kostenlose Lieferung ab 150 CHF.<\/li>\n<\/ul>\n<p class=\"terms-para\">Versand durch unseren Postpartner: Vinolog liefert gegen Unterschrift, die voraussichtliche Lieferzeit betr\u00e4gt 3 bis 5 Arbeitstage nach dem Versand Ihrer Bestellung. Es kann sein, dass wir bei gr\u00f6sseren Bestellmengen auf einen Spediteur zur\u00fcckgreifen m\u00fcssen.<\/p>\n<ul class=\"terms-list\">\n<li>Lieferungen in Genf: Sie erhalten eine Best\u00e4tigungs-E-Mail, wenn Ihre Bestellung zur Auslieferung bereit ist, in der Regel innerhalb von 3 Arbeitstagen.<\/li>\n<li>Je nach den geplanten Touren ist es m\u00f6glich, dass Ihre Bestellung von unserem Zusteller bei Ihnen deponiert wird. In diesem Fall werden wir Sie telefonisch kontaktieren, um Ihre Anwesenheit sicherzustellen.<\/li>\n<\/ul>\n<h2 class=\"terms-sec-heading\">Bestellbest\u00e4tigung:<\/h2>\n<p class=\"terms-para\">Der Kauf ist abgeschlossen, sobald der Kunde ihn best\u00e4tigt hat und ihm eine Best\u00e4tigung per E-mail verschickt wurde<\/p>\n<h2 class=\"terms-sec-heading\">Stornierung &amp; R\u00fcckerstattung:<\/h2>\n<p class=\"terms-para\">Sie k\u00f6nnen Ihre Bestellung aus beliebigen Gr\u00fcnden bis zu 24 Stunden nach Erhalt Ihrer Auftragsbest\u00e4tigung stornieren, solange Ihre Bestellung noch nicht versandt wurde. Wir erstatten Ihnen den Preis der Bestellung, allerdings wird Ihnen eine Bearbeitungsgeb\u00fchr von 5 % des Gesamtpreises Ihrer Bestellung berechnet.<\/p>\n<\/div>\n<div style='text-align:left' class='yasr-auto-insert-overall'><\/div><div style='text-align:left' class='yasr-auto-insert-visitor'><!--Yasr Visitor Votes Shortcode--><div id='yasr_visitor_votes_9d0e5d690e276' class='yasr-visitor-votes'><div class=\"yasr-custom-text-vv-before yasr-custom-text-vv-before-10029\">Click to rate this post!<\/div><div id='yasr-vv-second-row-container-9d0e5d690e276'\r\n                                        class='yasr-vv-second-row-container'><div id='yasr-visitor-votes-rater-9d0e5d690e276'\r\n                                      class='yasr-rater-stars-vv'\r\n                                      data-rater-postid='10029'\r\n                                      data-rating='0'\r\n                                      data-rater-starsize='24'\r\n                                      data-rater-readonly='false'\r\n                                      data-rater-nonce='2217b64c0f'\r\n                                      data-issingular='false'\r\n                                    ><\/div><div class=\"yasr-vv-stats-text-container\" id=\"yasr-vv-stats-text-container-9d0e5d690e276\"><svg xmlns=\"https:\/\/www.w3.org\/2000\/svg\" width=\"20\" height=\"20\"\r\n                                   class=\"yasr-dashicons-visitor-stats\"\r\n                                   data-postid=\"10029\"\r\n                                   id=\"yasr-stats-dashicon-9d0e5d690e276\">\r\n                                   <path d=\"M18 18v-16h-4v16h4zM12 18v-11h-4v11h4zM6 18v-8h-4v8h4z\"><\/path>\r\n                               <\/svg><span id=\"yasr-vv-text-container-9d0e5d690e276\" class=\"yasr-vv-text-container\">[Total: <span id=\"yasr-vv-votes-number-container-9d0e5d690e276\">0<\/span>  Average: <span id=\"yasr-vv-average-container-9d0e5d690e276\">0<\/span>]<\/span><\/div><div id='yasr-vv-loader-9d0e5d690e276' class='yasr-vv-container-loader'><\/div><\/div><div id='yasr-vv-bottom-container-9d0e5d690e276' class='yasr-vv-bottom-container'><\/div><\/div><!--End Yasr Visitor Votes Shortcode--><\/div>","protected":false},"excerpt":{"rendered":"<p>Rechtliche Hinweise NEGEV DESERT, WEINSTEIN ist der Betreiber der Website www.negevdesert.ch. NEGEV DESERT, WEINSTEIN Chemin Taverney 4 1218 Le Grand-Saconnex \/ Genf &#8211; Schweiz Tel: +41 (0)22 535 29 68 E-mail: contact@negevdesert.ch Verkaufsverbot an Minderj\u00e4hrige Es darf kein Alkohol darf an Minderj\u00e4hrige verkauft werden. Der Verkauf von Wein an unter 16-j\u00e4hrige und von Spirituosen an [&#8230;]\n","protected":false},"author":2,"featured_media":0,"parent":0,"menu_order":0,"comment_status":"closed","ping_status":"closed","template":"page-blank.php","meta":{"yasr_overall_rating":0,"yasr_post_is_review":"","yasr_auto_insert_disabled":"","yasr_review_type":"","footnotes":""},"class_list":["post-10029","page","type-page","status-publish","hentry"],"acf":[],"yasr_visitor_votes":{"stars_attributes":{"read_only":false,"span_bottom":false},"number_of_votes":0,"sum_votes":0},"_links":{"self":[{"href":"https:\/\/negevdesert.ch\/de\/wp-json\/wp\/v2\/pages\/10029","targetHints":{"allow":["GET"]}}],"collection":[{"href":"https:\/\/negevdesert.ch\/de\/wp-json\/wp\/v2\/pages"}],"about":[{"href":"https:\/\/negevdesert.ch\/de\/wp-json\/wp\/v2\/types\/page"}],"author":[{"embeddable":true,"href":"https:\/\/negevdesert.ch\/de\/wp-json\/wp\/v2\/users\/2"}],"replies":[{"embeddable":true,"href":"https:\/\/negevdesert.ch\/de\/wp-json\/wp\/v2\/comments?post=10029"}],"version-history":[{"count":5,"href":"https:\/\/negevdesert.ch\/de\/wp-json\/wp\/v2\/pages\/10029\/revisions"}],"predecessor-version":[{"id":10046,"href":"https:\/\/negevdesert.ch\/de\/wp-json\/wp\/v2\/pages\/10029\/revisions\/10046"}],"wp:attachment":[{"href":"https:\/\/negevdesert.ch\/de\/wp-json\/wp\/v2\/media?parent=10029"}],"curies":[{"name":"wp","href":"https:\/\/api.w.org\/{rel}","templated":true}]}}